{"id":1402,"date":"2026-01-10T16:10:11","date_gmt":"2026-01-10T16:10:11","guid":{"rendered":"https:\/\/khaki-otter-918928.hostingersite.com\/contact\/"},"modified":"2026-02-11T01:13:22","modified_gmt":"2026-02-10T22:13:22","slug":"iletisim","status":"publish","type":"page","link":"https:\/\/navfrot.com\/en\/iletisim\/","title":{"rendered":"Contact"},"content":{"rendered":"<div data-spectra-id=\"spectra-mfxnkjwr-xj36zu\"\tstyle=\"overflow: visible; --spectra-text-color: white; --spectra-background-gradient: linear-gradient(135deg,rgb(2,3,129) 0%,rgb(40,116,252) 100%); --spectra-overlay-opacity: 0.65;\" class=\"spectra-is-root-container alignfull spectra-overlay-color spectra-overflow spectra-text-color spectra-background-gradient spectra-dim-ratio wp-elements-bf5426902a02f65fdf3d9786e48a234e wp-block-spectra-container has-text-color has-white-color\" data-orientation=\"vertical\"\t>\n\t\n<div data-spectra-id=\"spectra-mgkcbip0-9fao76\" style=\"overflow: visible\" class=\"spectra-overlay-color spectra-overflow wp-block-spectra-container\" data-orientation=\"vertical\">\n\t\n\t<h1 data-spectra-id=\"spectra-mfxn9jzw-oa8hhy\" class=\"wp-block-spectra-content\">\n\t\tReach Us\t<\/h1>\n\n<\/div>\n\n<\/div>\n\n\n<div data-spectra-id=\"spectra-12e70c40-b041-4a96-8d89-7e07cd4f9e40\"\tstyle=\"overflow: visible; --spectra-background-color: var(--ast-global-color-5);\" class=\"spectra-is-root-container alignfull spectra-overlay-color spectra-overflow spectra-background-color wp-block-spectra-container\" data-orientation=\"vertical\"\t>\n\t\n<div data-spectra-id=\"spectra-0f000bc7-2fa9-4a9d-8075-b35342c76bac\" style=\"overflow: visible\" class=\"spectra-overlay-color spectra-overflow wp-block-spectra-container\" data-orientation=\"vertical\">\n\t\n<div data-spectra-id=\"spectra-3ce84161-234b-4238-a213-cae15fedeaaf\" style=\"overflow: visible\" class=\"spectra-overlay-color spectra-overflow wp-block-spectra-container\" data-orientation=\"vertical\">\n\t\n\n<figure data-spectra-id=\"spectra-ml4ur11o-6q3su9\" class=\"wp-block-image size-large\"><img loading=\"lazy\" decoding=\"async\" width=\"1024\" height=\"683\" src=\"https:\/\/navfrot.com\/wp-content\/uploads\/2026\/02\/contact-1024x683.png\" alt=\"contact\" class=\"wp-image-3228\" title=\"Contact\" srcset=\"https:\/\/navfrot.com\/wp-content\/uploads\/2026\/02\/contact-1024x683.png 1024w, https:\/\/navfrot.com\/wp-content\/uploads\/2026\/02\/contact-300x200.png 300w, https:\/\/navfrot.com\/wp-content\/uploads\/2026\/02\/contact-768x512.png 768w, https:\/\/navfrot.com\/wp-content\/uploads\/2026\/02\/contact-18x12.png 18w, https:\/\/navfrot.com\/wp-content\/uploads\/2026\/02\/contact.png 1536w\" sizes=\"auto, (max-width: 1024px) 100vw, 1024px\" \/><\/figure>\n\n\n<div data-spectra-id=\"spectra-d5d7b84a-d50f-46dc-b12d-074d1dc82757\" style=\"overflow: visible\" class=\"spectra-overlay-color spectra-overflow wp-block-spectra-container\" data-orientation=\"vertical\">\n\t\n\t<h3 data-spectra-id=\"spectra-56090cee-8f6f-47f5-b82a-a99a750a808f\" class=\"wp-block-spectra-content\">\n\t\tContact Details\t<\/h3>\n\n<\/div>\n\n\n<div data-spectra-id=\"spectra-9f9968c3-6070-47e1-98b4-963801b4924c\" style=\"overflow: visible\" class=\"spectra-overlay-color spectra-overflow wp-block-spectra-container\" data-orientation=\"vertical\">\n\t\n\t<p data-spectra-id=\"spectra-mkg03jh5-khk6gg\" class=\"wp-block-spectra-content\">\n\t\t<strong>Phone:<\/strong>\t<\/p>\n\n\n\n<p style=\"font-size:18px\">+90 216 212 55 38<\/p>\n\n\n\t<p data-spectra-id=\"spectra-mlfns1ud-2c9d3o\" class=\"wp-block-spectra-content\">\n\t\t<strong>WhatsApp\/Mobile:<\/strong>\t<\/p>\n\n\n\n<p style=\"font-size:18px\">+90 501 699 12 50<\/p>\n\n\n\t<p data-spectra-id=\"spectra-mlcvoeqd-pqt211\" class=\"wp-block-spectra-content\">\n\t\t<strong>Mail address for general inquiries:<\/strong>\t<\/p>\n\n\n\t<p data-spectra-id=\"spectra-mkg038wz-hskdlf\" class=\"wp-block-spectra-content\">\n\t\t<a href=\"mailto:contact@navfrot.com\">contact@navfrot.com<\/a>\t<\/p>\n\n\n\t<p data-spectra-id=\"spectra-mlcvorh3-7cxdt9\" class=\"wp-block-spectra-content\">\n\t\t<strong>Mail adress for rate requests:<\/strong>\t<\/p>\n\n\n\t<p data-spectra-id=\"spectra-mkg03c5n-swpn31\" class=\"wp-block-spectra-content\">\n\t\t<a href=\"mailto:sales@navfrot.com\">sales@navfrot.com<\/a>\t<\/p>\n\n<\/div>\n\n<\/div>\n\n\n<div data-spectra-id=\"spectra-2a3de960-0784-4ef9-8ecf-5cff8809d28d\" style=\"overflow: visible\" class=\"spectra-overlay-color spectra-overflow wp-block-spectra-container\" data-orientation=\"vertical\">\n\t\n<div data-spectra-id=\"spectra-c1b91335-149f-48af-8f70-f04480a1e68d\" style=\"overflow: visible\" class=\"spectra-overlay-color spectra-overflow wp-block-spectra-container\" data-orientation=\"vertical\">\n\t\n\t<h3 data-spectra-id=\"spectra-889c1e17-3440-4b59-99d4-1307642a25c0\" class=\"wp-block-spectra-content\">\n\t\tAddress:\t<\/h3>\n\n<\/div>\n\n\n<div data-spectra-id=\"spectra-mkfd8oi0-400mhl\" style=\"overflow: visible\" class=\"spectra-overlay-color spectra-overflow wp-block-spectra-container\" data-orientation=\"vertical\">\n\t\n\t<p data-spectra-id=\"spectra-mkfdbxif-a2eqsg\" class=\"wp-block-spectra-content\">\n\t\tKozyata\u011f\u0131 Mah. G\u00fclbahar Sk.\t<\/p>\n\n\n\t<p data-spectra-id=\"spectra-mkfdc3j5-apb4dg\" class=\"wp-block-spectra-content\">\n\t\tAr Plaza C No: 13\/3 \u0130\u00e7 Kap\u0131 No: 4\t<\/p>\n\n\n\t<p data-spectra-id=\"spectra-mkfdc9c1-hv2lbb\" class=\"wp-block-spectra-content\">\n\t\tKad\u0131k\u00f6y\/\u0130stanbul\t<\/p>\n\n<\/div>\n\n\n<div data-spectra-id=\"spectra-fbb1e6fd-551d-4f60-8669-4577ed69c602\" style=\"overflow: visible\" class=\"spectra-overlay-color spectra-overflow wp-block-spectra-container\" data-orientation=\"vertical\">\n\t\n<div data-spectra-id=\"spectra-ml4zcc8f-6rhqut\" class=\"spectra-google-map wp-block-spectra-google-map\">\n\t<iframe class=\"spectra-google-map__iframe\" title=\"Google Map for Navfrot\" src=\"https:\/\/maps.google.com\/maps?q=Navfrot&#038;z=15&#038;hl=en&#038;t=m&#038;output=embed&#038;iwloc=near\" width=\"100%\" height=\"100%\" style=\"border: 0\" allowfullscreen=\"\" loading=\"lazy\" referrerpolicy=\"no-referrer-when-downgrade\"><\/iframe>\n<\/div>\n\n<\/div>\n\n<\/div>\n\n<\/div>\n\n<\/div>\n\n\n<div data-spectra-id=\"spectra-0742928b-a1ba-4e7c-8278-849c4951be94\"\tstyle=\"overflow: visible; --spectra-background-color: #ffffff;\" class=\"spectra-is-root-container alignfull spectra-overlay-color spectra-overflow spectra-background-color wp-block-spectra-container\" data-orientation=\"vertical\"\t>\n\t\n<div data-spectra-id=\"spectra-13be64d1-72cd-4487-9577-dfc7fec2e273\" style=\"overflow: visible;--spectra-background-color: var(--ast-global-color-0)\" class=\"spectra-overlay-color spectra-overflow spectra-background-color wp-block-spectra-container\" data-orientation=\"vertical\">\n\t\n<div data-spectra-id=\"spectra-9a0a5b9d-d81d-4982-bc36-4f70c5d5eb5d\" style=\"overflow: visible;--spectra-background-gradient: radial-gradient(rgb(2,3,129) 0%,rgb(40,116,252) 100%)\" class=\"spectra-overlay-color spectra-overflow spectra-background-gradient wp-block-spectra-container\" data-orientation=\"vertical\">\n\t\n\t<h3 data-spectra-id=\"spectra-374d3511-88dc-4395-8b0f-0aa84fb5e690\" style=\"--spectra-text-color: #ffffff\" class=\"has-text-color spectra-text-color wp-block-spectra-content has-text-color has-ffffff-color\">\n\t\tSend Your Message\t<\/h3>\n\n\n<div data-spectra-id=\"spectra-76812c10-d9bc-4b17-8913-af2afa20bcf6\" style=\"overflow: visible\" class=\"spectra-overlay-color spectra-overflow wp-block-spectra-container\" data-orientation=\"vertical\">\n\t\n<div data-spectra-id=\"spectra-94f6190e-85a8-4ff6-951c-56c758d735d6\" style=\"overflow: visible;--spectra-background-color: var(--ast-global-color-5)\" class=\"spectra-overlay-color spectra-overflow spectra-background-color wp-block-spectra-container\" data-orientation=\"vertical\">\n\t\n\t\t\t<div class=\"srfm-form-container srfm-form-container-2191 srfm-bg-color\">\n\t\t\t<style>\n\t\t\t\t\/* Need to check and remove the input variables related to the Style Tab. *\/\n\t\t\t\t.srfm-form-container-2191 {\n\t\t\t\t\t\/* New test variables *\/\n\t\t\t\t\t--srfm-color-scheme-primary: #0744ac;\n\t\t\t\t\t--srfm-color-scheme-text-on-primary: #FFFFFF;\n\t\t\t\t\t--srfm-color-scheme-text: #1E1E1E;\n\t\t\t\t\t--srfm-quill-editor-color: #0744ac;\n\n\t\t\t\t\t--srfm-color-input-label: #1E1E1E;\n\t\t\t\t\t--srfm-color-input-description: hsl( from #1E1E1E h s l \/ 0.65 );\n\t\t\t\t\t--srfm-color-input-placeholder: hsl( from #1E1E1E h s l \/ 0.5 );\n\t\t\t\t\t--srfm-color-input-text: #1E1E1E;\n\t\t\t\t\t--srfm-color-input-prefix: hsl( from #1E1E1E h s l \/ 0.65 );\n\t\t\t\t\t--srfm-color-input-background: hsl( from #1E1E1E h s l \/ 0.02 );\n\t\t\t\t\t--srfm-color-input-background-hover: hsl( from #1E1E1E h s l \/ 0.05 );\n\t\t\t\t\t--srfm-color-input-background-disabled: hsl( from #1E1E1E h s l \/ 0.07 );\n\t\t\t\t\t--srfm-color-input-border: hsl( from #1E1E1E h s l \/ 0.25 );\n\t\t\t\t\t--srfm-color-input-border-disabled: hsl( from #1E1E1E h s l \/ 0.15 );\n\t\t\t\t\t--srfm-color-multi-choice-svg: hsl( from #1E1E1E h s l \/ 0.7 );\n\t\t\t\t\t--srfm-color-input-border-hover: hsl( from #0744ac h s l \/ 0.65 );\n\t\t\t\t\t--srfm-color-input-border-focus-glow: hsl( from #0744ac h s l \/ 0.15 );\n\t\t\t\t\t--srfm-color-input-selected: hsl( from #0744ac h s l \/ 0.1 );\n\t\t\t\t\t--srfm-btn-color-hover: hsl( from #0744ac h s l \/ 0.9 );\n\t\t\t\t\t--srfm-btn-color-disabled: hsl( from #0744ac h s l \/ 0.25 );\n\n\t\t\t\t\t\/* Dropdown Variables *\/\n\t\t\t\t\t--srfm-dropdown-input-background-hover: hsl( from #1E1E1E h s l \/ 0.05 );\n\t\t\t\t\t--srfm-dropdown-option-background-hover: hsl( from #1E1E1E h s l \/ 0.10 );\n\t\t\t\t\t--srfm-dropdown-option-background-selected: hsl( from #1E1E1E h s l \/ 0.05 );\n\t\t\t\t\t--srfm-dropdown-option-selected-icon: hsl( from #1E1E1E h s l \/ 0.65 );\n\t\t\t\t\t--srfm-dropdown-option-text-color: hsl( from #1E1E1E h s l \/ 0.80 );\n\t\t\t\t\t--srfm-dropdown-option-selected-text: #1E1E1E;\n\t\t\t\t\t--srfm-dropdown-badge-background: hsl( from #1E1E1E h s l \/ 0.05 );\n\t\t\t\t\t--srfm-dropdown-badge-background-hover: hsl( from #1E1E1E h s l \/ 0.10 );\n\t\t\t\t\t--srfm-dropdown-menu-border-color: hsl( from #1E1E1E h s l \/ 0.10 );\n\t\t\t\t\t--srfm-dropdown-placeholder-color: hsl( from #1E1E1E h s l \/ 0.50 );\n\t\t\t\t\t--srfm-dropdown-icon-color: hsl( from #1E1E1E h s l \/ 0.65 );\n\t\t\t\t\t--srfm-dropdown-icon-disabled: hsl( from #1E1E1E h s l \/ 0.25 );\n\n\t\t\t\t\t\/* Background Control Variables *\/\n\t\t\t\t\t--srfm-instant-form-padding-top: 32px;--srfm-instant-form-padding-right: 32px;--srfm-instant-form-padding-bottom: 32px;--srfm-instant-form-padding-left: 32px;--srfm-instant-form-border-radius-top: 12px;--srfm-instant-form-border-radius-right: 12px;--srfm-instant-form-border-radius-bottom: 12px;--srfm-instant-form-border-radius-left: 12px;--srfm-form-padding-top: 0px;--srfm-form-padding-right: 0px;--srfm-form-padding-bottom: 0px;--srfm-form-padding-left: 0px;--srfm-form-border-radius-top: 0px;--srfm-form-border-radius-right: 0px;--srfm-form-border-radius-bottom: 0px;--srfm-form-border-radius-left: 0px;--srfm-bg-color: #ffffff00;--srfm-bg-overlay-opacity: 1;\t\t\t\t\t--srfm-row-gap-between-blocks: 16px;--srfm-address-label-font-size: 14px;--srfm-address-label-line-height: 20px;--srfm-address-description-font-size: 12px;--srfm-address-description-line-height: 16px;--srfm-col-gap-between-fields: 12px;--srfm-row-gap-between-fields: 12px;--srfm-gap-below-address-label: 12px;--srfm-dropdown-font-size: 14px;--srfm-dropdown-gap-between-input-menu: 4px;--srfm-dropdown-badge-padding: 2px 6px;--srfm-dropdown-multiselect-font-size: 12px;--srfm-dropdown-multiselect-line-height: 16px;--srfm-dropdown-padding-right: 12px;--srfm-dropdown-padding-right-icon: calc( var( --srfm-dropdown-padding-right ) + 20px );--srfm-dropdown-multiselect-padding: 8px var( --srfm-dropdown-padding-right-icon ) 8px 8px;--srfm-input-height: 40px;--srfm-input-field-padding: 10px 12px;--srfm-input-field-font-size: 14px;--srfm-input-field-line-height: 20px;--srfm-input-field-margin-top: 4px;--srfm-input-field-margin-bottom: 4px;--srfm-checkbox-label-font-size: 14px;--srfm-checkbox-label-line-height: 20px;--srfm-checkbox-description-font-size: 12px;--srfm-checkbox-description-line-height: 16px;--srfm-check-ctn-width: 16px;--srfm-check-ctn-height: 16px;--srfm-check-svg-size: 10px;--srfm-checkbox-margin-top-frontend: 2px;--srfm-checkbox-margin-top-editor: 3px;--srfm-check-gap: 8px;--srfm-checkbox-description-margin-left: 24px;--srfm-flag-section-padding: 10px 0 10px 12px;--srfm-gap-between-icon-text: 8px;--srfm-label-font-size: 14px;--srfm-label-line-height: 20px;--srfm-description-font-size: 12px;--srfm-description-line-height: 16px;--srfm-btn-padding: 8px 14px;--srfm-btn-font-size: 14px;--srfm-btn-line-height: 20px;--srfm-multi-choice-horizontal-padding: 16px;--srfm-multi-choice-vertical-padding: 16px;--srfm-multi-choice-internal-option-gap: 8px;--srfm-multi-choice-vertical-svg-size: 32px;--srfm-multi-choice-horizontal-image-size: 20px;--srfm-multi-choice-vertical-image-size: 100px;--srfm-multi-choice-outer-padding: 0;\t\t\t\t}\n\t\t\t<\/style>\n\t\t\t\t\t\t\t<form method=\"post\" enctype=\"multipart\/form-data\" id=\"srfm-form-2191\" class=\"srfm-form\"\n\t\t\t\tform-id=\"2191\" after-submission=\"reset form\" message-type=\"same page\" success-url=\"\" ajaxurl=\"https:\/\/navfrot.com\/wp-admin\/admin-ajax.php\" data-nonce=\"2a5868ee8a\" action=\"\"\n\t\t\t\t>\n\t\t\t\t<input type=\"hidden\" id=\"sureforms_form_submit\" name=\"sureforms_form_submit\" value=\"9c34cc883f\" \/><input type=\"hidden\" name=\"_wp_http_referer\" value=\"\/en\/wp-json\/wp\/v2\/pages\/1402\" \/>\n\t\t\t\t<input type=\"hidden\" value=\"2191\" name=\"form-id\">\n\t\t\t\t<input type=\"hidden\" value=\"\" name=\"srfm-sender-email-field\" id=\"srfm-sender-email\">\n\t\t\t\t<input type=\"hidden\" value=\"\" id=\"srfm-page-break\">\n\t\t\t\t\t\t<p id=\"srfm-error-message\" class=\"srfm-common-error-message srfm-error-message srfm-head-error\" hidden>\t\t<span class=\"srfm-icon\" aria-hidden=\"true\">\n\t\t\t<svg xmlns='http:\/\/www.w3.org\/2000\/svg' width='20' height='20' fill='none'><path d='M9.99935 18.3327C14.6017 18.3327 18.3327 14.6017 18.3327 9.99935C18.3327 5.39698 14.6017 1.66602 9.99935 1.66602C5.39698 1.66602 1.66602 5.39698 1.66602 9.99935C1.66602 14.6017 5.39698 18.3327 9.99935 18.3327Z' stroke='currentColor' stroke-width='1.5' stroke-linecap='round' stroke-linejoin='round' \/><path d='M10 6.66602V9.99935' stroke='currentColor' stroke-width='1.5' stroke-linecap='round' stroke-linejoin='round' \/><path d='M10 13.334H10.0083' stroke='currentColor' stroke-width='1.5' stroke-linecap='round' stroke-linejoin='round' \/><\/svg>\t\t<\/span>\n\t\t<span class=\"srfm-error-content\">There was an error trying to submit your form. Please try again.<\/span><\/p>\n\t\t\t\t\t<div data-block-id=\"cf359fc2\" class=\"srfm-block-single srfm-block srfm-input-block srf-input-cf359fc2-block  srfm-block-width-50 srfm-slug-text-field 2191\" >\n\t\t\t\t\t\t\t\t\t\t<div class=\"srfm-block-wrap\">\n\t\t\t\t<input class=\"srfm-input-common srfm-input-input\" type=\"text\" name=\"srfm-input-cf359fc2-lbl-QWQgU295YWQ-text-field\" id=\"srfm-input-cf359fc2-lbl-QWQgU295YWQ\"\n\t\t\t\t\taria-describedby='srfm-error-cf359fc2'\t\t\t\t\tdata-required=\"true\" aria-required=\"true\" data-unique=\"false\" maxlength=\"100\" value=\"\"  placeholder=\"Full Name *\"  data-srfm-mask=\"none\"   \/>\n\t\t\t\t<\/div>\n\t\t\t\t<div class=\"srfm-error-wrap\">\n\t\t\t\t\t\t\t\t\t\t<div class=\"srfm-error-message\" data-srfm-id=\"srfm-error-cf359fc2\" data-error-msg=\"Zorunlu alan\" data-unique-msg=\"Value needs to be unique.\">\n\t\t\t\t\t\tMandatory field\t\t\t\t\t<\/div>\n\t\t\t\t\t\t\t\t\t<\/div>\n\t\t\t<\/div>\n\t\t\n\n\t\t\t<div data-block-id=\"6f22f315\" class=\"srfm-block-single srfm-block srfm-email-block srf-email-6f22f315-block  srfm-block-width-50 srfm-slug-email 2191 srfm-email-block-wrap\">\n\t\t\t\t<div class=\"srfm-email-block srf-email-6f22f315-block\">\n\t\t\t\t\t\t\t\t\t\t\t\t\t\t\t<div class=\"srfm-block-wrap\">\n\t\t\t\t\t\t<input class=\"srfm-input-common srfm-input-email\" type=\"email\" name=\"srfm-email-6f22f315-lbl-TWFpbCBBZHJlc2k-email\" id=\"srfm-email-6f22f315-lbl-TWFpbCBBZHJlc2k\"\n\t\t\t\t\t\taria-describedby='srfm-error-6f22f315'\t\t\t\t\t\tdata-required=\"true\" aria-required=\"true\" data-unique=\"false\" value=\"\"  placeholder=\"Mail Address *\"   \/>\n\t\t\t\t\t<\/div>\n\t\t\t\t\t<div class=\"srfm-error-wrap\">\n\t\t\t\t\t\t\t\t\t\t\t<div class=\"srfm-error-message\" data-srfm-id=\"srfm-error-6f22f315\" data-error-msg=\"Zorunlu alan\" data-unique-msg=\"Value needs to be unique.\">\n\t\t\t\t\t\tMandatory field\t\t\t\t\t<\/div>\n\t\t\t\t\t\t\t\t\t\t<\/div>\n\t\t\t\t<\/div>\n\t\t\t\t\t\t\t<\/div>\n\t\t\n\n\t\t\t<div data-block-id=\"91e2d848\" class=\"srfm-block-single srfm-block srfm-input-block srf-input-91e2d848-block  srfm-block-width-100 srfm-slug-text-field-1 2191\" >\n\t\t\t\t\t\t\t\t\t\t<div class=\"srfm-block-wrap\">\n\t\t\t\t<input class=\"srfm-input-common srfm-input-input\" type=\"text\" name=\"srfm-input-91e2d848-lbl-VGVsZWZvbiBOdW1hcmFzxLE-text-field-1\" id=\"srfm-input-91e2d848-lbl-VGVsZWZvbiBOdW1hcmFzxLE\"\n\t\t\t\t\taria-describedby='srfm-error-91e2d848'\t\t\t\t\tdata-required=\"true\" aria-required=\"true\" data-unique=\"false\" maxlength=\"100\" value=\"\"  placeholder=\"Phone Number *\"  data-srfm-mask=\"none\"   \/>\n\t\t\t\t<\/div>\n\t\t\t\t<div class=\"srfm-error-wrap\">\n\t\t\t\t\t\t\t\t\t\t<div class=\"srfm-error-message\" data-srfm-id=\"srfm-error-91e2d848\" data-error-msg=\"Zorunlu alan\" data-unique-msg=\"Value needs to be unique.\">\n\t\t\t\t\t\tMandatory field\t\t\t\t\t<\/div>\n\t\t\t\t\t\t\t\t\t<\/div>\n\t\t\t<\/div>\n\t\t\n\n\t\t\t<div data-block-id=\"16fb22f7\" class=\"srfm-block-single srfm-block srfm-input-block srf-input-16fb22f7-block  srfm-block-width-100 srfm-slug-text-field-2 2191\" >\n\t\t\t\t\t\t\t\t\t\t<div class=\"srfm-block-wrap\">\n\t\t\t\t<input class=\"srfm-input-common srfm-input-input\" type=\"text\" name=\"srfm-input-16fb22f7-lbl-S29udQ-text-field-2\" id=\"srfm-input-16fb22f7-lbl-S29udQ\"\n\t\t\t\t\taria-describedby='srfm-error-16fb22f7'\t\t\t\t\tdata-required=\"true\" aria-required=\"true\" data-unique=\"false\" maxlength=\"100\" value=\"\"  placeholder=\"Subject *\"  data-srfm-mask=\"none\"   \/>\n\t\t\t\t<\/div>\n\t\t\t\t<div class=\"srfm-error-wrap\">\n\t\t\t\t\t\t\t\t\t\t<div class=\"srfm-error-message\" data-srfm-id=\"srfm-error-16fb22f7\" data-error-msg=\"Zorunlu alan\" data-unique-msg=\"Value needs to be unique.\">\n\t\t\t\t\t\tMandatory field\t\t\t\t\t<\/div>\n\t\t\t\t\t\t\t\t\t<\/div>\n\t\t\t<\/div>\n\t\t\n\n\t\t<div data-block-id=\"b425d0d3\" class=\"srfm-block-single srfm-block srfm-textarea-block srf-textarea-b425d0d3-block  srfm-block-width-100 2191\">\n\t\t\t\t\t\t\t\t\t<div class=\"srfm-block-wrap\">\n\t\t\t\t<textarea\n\t\t\t\t\tclass=\"srfm-input-common srfm-input-textarea\"\n\t\t\t\t\tname=\"srfm-textarea-b425d0d3-lbl-TWVzYWrEsW7EsXo-textarea\"\n\t\t\t\t\tid=\"srfm-textarea-b425d0d3-lbl-TWVzYWrEsW7EsXo-7506\"\n\t\t\t\t\taria-describedby='srfm-error-b425d0d3'\t\t\t\t\tdata-required=\"true\" aria-required=\"true\"  rows=\"4\"   placeholder=\"Your message *\" \t\t\t\t\t\t\t\t\t\t\t\t\t\t\t><\/textarea>\n\t\t\t\t\t\t\t<\/div>\n\t\t\t<div class=\"srfm-error-wrap\">\n\t\t\t\t\t\t\t\t\t<div class=\"srfm-error-message\" data-srfm-id=\"srfm-error-b425d0d3\" data-error-msg=\"Zorunlu alan\">\n\t\t\t\t\t\tMandatory field\t\t\t\t\t<\/div>\n\t\t\t\t\t\t\t\t<\/div>\n\t\t<\/div>\n\n\t\t\n\n\t\t\t<div data-block-id=\"83493803\" class=\"srfm-block-single srfm-block srfm-gdpr-block srf-gdpr-83493803-block srfm-block-width-100 2191\">\n\t\t\t\t<div class=\"srfm-block-wrap\">\n\t\t\t\t\t<input class=\"srfm-input-common screen-reader-text srfm-input-gdpr\" id=\"srfm-gdpr-2630813794\" name=\"srfm-gdpr-83493803-lbl-QXlkxLFubGF0bWEgTWV0bmknbmkgb2t1ZHVtLg-i-consent-to-have-this-website-store-my-submitted-information-so-they-can-respond-to-my-inquiry\"\n\t\t\t\t\taria-describedby='srfm-error-83493803'\t\t\t\t\tdata-required=\"true\" aria-required=\"true\" type=\"checkbox\" \/>\n\t\t\t\t\t<label class=\"srfm-cbx\" for=\"srfm-gdpr-2630813794\">\n\t\t\t\t\t\t<span class=\"srfm-span-wrap\">\n\t\t\t\t\t\t\t<svg class=\"srfm-check-icon\" width=\"12px\" height=\"10px\" aria-hidden=\"true\">\n\t\t\t\t\t\t\t\t<use xlink:href=\"#srfm-gdpr-83493803-check\"><\/use>\n\t\t\t\t\t\t\t<\/svg>\n\t\t\t\t\t\t<\/span>\n\t\t\t\t\t\t<span class=\"srfm-span-wrap srfm-block-label\"><a href=\"https:\/\/navfrot.com\/en\/kvkk-aydinlatma-metni\/\" target=\"_blank\">Privacy Notice<\/a>, I have read.\t\t\t\t\t\t\t<span class=\"srfm-required\" aria-hidden=\"true\"> *<\/span>\n\t\t\t\t\t\t<\/span>\n\t\t\t\t\t<\/label>\n\t\t\t\t\t<svg class=\"srfm-inline-svg\" aria-hidden=\"true\">\n\t\t\t\t\t\t<symbol id=\"srfm-gdpr-83493803-check\" viewbox=\"0 0 12 10\">\n\t\t\t\t\t\t<polyline points=\"1.5 6 4.5 9 10.5 1\"><\/polyline>\n\t\t\t\t\t\t<\/symbol>\n\t\t\t\t\t<\/svg>\n\t\t\t\t<\/div>\n\t\t\t\t\t\t\t\t<div class=\"srfm-error-wrap\">\n\t\t\t\t\t\t\t\t\t\t<div class=\"srfm-error-message\" data-srfm-id=\"srfm-error-83493803\" data-error-msg=\"Zorunlu alan\">\n\t\t\t\t\t\tMandatory field\t\t\t\t\t<\/div>\n\t\t\t\t\t\t\t\t\t<\/div>\n\t\t\t<\/div>\n\t\t\t\t\t\t\t\n\t\t\t\t\t\n\t\t\t\t\t<div class=\"srfm-submit-container\" style=\"\">\n\t\t\t\t\t\t<div style=\"width: ; text-align: left\" class=\"wp-block-button\">\n\t\t\t\t\t\t\t\t\t\t\t\t\t\t\t\t\t\t\t<button style=\"\" id=\"srfm-submit-btn\" class=\"srfm-btn-frontend srfm-button srfm-submit-button\"\n\t\t\t\t\t\t\t\t\t\t\t\t\t\t>\n\t\t\t\t\t\t\t\t<div class=\"srfm-submit-wrap\">\n\t\t\t\t\t\t\t\t\tSend\t\t\t\t\t\t\t\t<div class=\"srfm-loader\"><\/div>\n\t\t\t\t\t\t\t\t<\/div>\n\t\t\t\t\t\t\t<\/button>\n\t\t\t\t\t\t\t\t\t\t\t\t\t\t\t\t\t\t<\/div>\n\t\t\t\t\t<\/div>\n\t\t\t\t\t\t\t<p id=\"srfm-error-message\" class=\"srfm-common-error-message srfm-error-message srfm-footer-error\" hidden>\t\t<span class=\"srfm-icon\" aria-hidden=\"true\">\n\t\t\t<svg xmlns='http:\/\/www.w3.org\/2000\/svg' width='20' height='20' fill='none'><path d='M9.99935 18.3327C14.6017 18.3327 18.3327 14.6017 18.3327 9.99935C18.3327 5.39698 14.6017 1.66602 9.99935 1.66602C5.39698 1.66602 1.66602 5.39698 1.66602 9.99935C1.66602 14.6017 5.39698 18.3327 9.99935 18.3327Z' stroke='currentColor' stroke-width='1.5' stroke-linecap='round' stroke-linejoin='round' \/><path d='M10 6.66602V9.99935' stroke='currentColor' stroke-width='1.5' stroke-linecap='round' stroke-linejoin='round' \/><path d='M10 13.334H10.0083' stroke='currentColor' stroke-width='1.5' stroke-linecap='round' stroke-linejoin='round' \/><\/svg>\t\t<\/span>\n\t\t<span class=\"srfm-error-content\">There was an error trying to submit your form. Please try again.<\/span><\/p>\n\t\t\t\t\t<input type=\"hidden\" name=\"trp-form-language\" value=\"en\"\/><\/form>\n\t\t\t<div class=\"srfm-single-form srfm-success-box in-page\">\n\t\t\t\t<div aria-live=\"polite\" aria-atomic=\"true\" role=\"alert\" id=\"srfm-success-message-page-2191\" class=\"srfm-success-box-description\"><\/div>\n\t\t\t<\/div>\n\t\t\t<\/div>\n\t\t\n\n<\/div>\n\n<\/div>\n\n<\/div>\n\n<\/div>\n\n<\/div>","protected":false},"excerpt":{"rendered":"","protected":false},"author":1,"featured_media":0,"parent":0,"menu_order":0,"comment_status":"closed","ping_status":"closed","template":"","meta":{"_uag_custom_page_level_css":"","site-sidebar-layout":"default","site-content-layout":"page-builder","ast-site-content-layout":"full-width-container","site-content-style":"unboxed","site-sidebar-style":"unboxed","ast-global-header-display":"","ast-banner-title-visibility":"","ast-main-header-display":"","ast-hfb-above-header-display":"","ast-hfb-below-header-display":"","ast-hfb-mobile-header-display":"","site-post-title":"disabled","ast-breadcrumbs-content":"","ast-featured-img":"","footer-sml-layout":"","ast-disable-related-posts":"","theme-transparent-header-meta":"","adv-header-id-meta":"","stick-header-meta":"","header-above-stick-meta":"","header-main-stick-meta":"","header-below-stick-meta":"","astra-migrate-meta-layouts":"set","ast-page-background-enabled":"default","ast-page-background-meta":{"desktop":{"background-color":"","background-image":"","background-repeat":"repeat","background-position":"center center","background-size":"auto","background-attachment":"scroll","background-type":"","background-media":"","overlay-type":"","overlay-color":"","overlay-opacity":"","overlay-gradient":""},"tablet":{"background-color":"","background-image":"","background-repeat":"repeat","background-position":"center center","background-size":"auto","background-attachment":"scroll","background-type":"","background-media":"","overlay-type":"","overlay-color":"","overlay-opacity":"","overlay-gradient":""},"mobile":{"background-color":"","background-image":"","background-repeat":"repeat","background-position":"center center","background-size":"auto","background-attachment":"scroll","background-type":"","background-media":"","overlay-type":"","overlay-color":"","overlay-opacity":"","overlay-gradient":""}},"ast-content-background-meta":{"desktop":{"background-color":"var(--ast-global-color-5)","background-image":"","background-repeat":"repeat","background-position":"center center","background-size":"auto","background-attachment":"scroll","background-type":"","background-media":"","overlay-type":"","overlay-color":"","overlay-opacity":"","overlay-gradient":""},"tablet":{"background-color":"var(--ast-global-color-5)","background-image":"","background-repeat":"repeat","background-position":"center center","background-size":"auto","background-attachment":"scroll","background-type":"","background-media":"","overlay-type":"","overlay-color":"","overlay-opacity":"","overlay-gradient":""},"mobile":{"background-color":"var(--ast-global-color-5)","background-image":"","background-repeat":"repeat","background-position":"center center","background-size":"auto","background-attachment":"scroll","background-type":"","background-media":"","overlay-type":"","overlay-color":"","overlay-opacity":"","overlay-gradient":""}},"footnotes":""},"class_list":["post-1402","page","type-page","status-publish","hentry"],"aioseo_notices":[],"_hostinger_reach_plugin_has_subscription_block":false,"_hostinger_reach_plugin_is_elementor":false,"uagb_featured_image_src":{"full":false,"thumbnail":false,"medium":false,"medium_large":false,"large":false,"1536x1536":false,"2048x2048":false,"trp-custom-language-flag":false},"uagb_author_info":{"display_name":"Navfrot","author_link":"https:\/\/navfrot.com\/en\/author\/navfrotgmail-com\/"},"uagb_comment_info":0,"uagb_excerpt":null,"_links":{"self":[{"href":"https:\/\/navfrot.com\/en\/wp-json\/wp\/v2\/pages\/1402","targetHints":{"allow":["GET"]}}],"collection":[{"href":"https:\/\/navfrot.com\/en\/wp-json\/wp\/v2\/pages"}],"about":[{"href":"https:\/\/navfrot.com\/en\/wp-json\/wp\/v2\/types\/page"}],"author":[{"embeddable":true,"href":"https:\/\/navfrot.com\/en\/wp-json\/wp\/v2\/users\/1"}],"replies":[{"embeddable":true,"href":"https:\/\/navfrot.com\/en\/wp-json\/wp\/v2\/comments?post=1402"}],"version-history":[{"count":63,"href":"https:\/\/navfrot.com\/en\/wp-json\/wp\/v2\/pages\/1402\/revisions"}],"predecessor-version":[{"id":3433,"href":"https:\/\/navfrot.com\/en\/wp-json\/wp\/v2\/pages\/1402\/revisions\/3433"}],"wp:attachment":[{"href":"https:\/\/navfrot.com\/en\/wp-json\/wp\/v2\/media?parent=1402"}],"curies":[{"name":"wp","href":"https:\/\/api.w.org\/{rel}","templated":true}]}}