{"id":3324,"date":"2026-02-03T00:48:37","date_gmt":"2026-02-02T21:48:37","guid":{"rendered":"https:\/\/navfrot.com\/?page_id=3324"},"modified":"2026-02-14T23:51:35","modified_gmt":"2026-02-14T20:51:35","slug":"cerez-aydinlatma-metni","status":"publish","type":"page","link":"https:\/\/navfrot.com\/en\/cerez-aydinlatma-metni\/","title":{"rendered":"\u00c7erez Politikas\u0131 Ayd\u0131nlatma Metni"},"content":{"rendered":"<h2 class=\"wp-block-heading\"><strong>\u00c7EREZ POL\u0130T\u0130KASI VE AYDINLATMA METN\u0130<\/strong><\/h2>\n\n\n\n<p>Bu \u00c7erez Ayd\u0131nlatma Metni, <strong>6698 say\u0131l\u0131 Ki\u015fisel Verilerin Korunmas\u0131 Kanunu\u2019nun (\u201cKVKK\u201d) 10. maddesi<\/strong> uyar\u0131nca, veri sorumlusu s\u0131fat\u0131yla taraf\u0131m\u0131zca haz\u0131rlanm\u0131\u015ft\u0131r.<\/p>\n\n\n\n<p>\u2e3b<\/p>\n\n\n\n<p><strong>1. Veri Sorumlusu<\/strong><\/p>\n\n\n\n<p>Ki\u015fisel verileriniz, veri sorumlusu s\u0131fat\u0131yla <strong>NAVFROT LOJ\u0130ST\u0130K L\u0130M\u0130TED \u015e\u0130RKET\u0130<\/strong> taraf\u0131ndan KVKK\u2019ya uygun olarak i\u015flenmektedir.<\/p>\n\n\n\n<p>\u2e3b<\/p>\n\n\n\n<p><strong>2. \u00c7erez Nedir?<\/strong><\/p>\n\n\n\n<p>\u00c7erezler, web sitemizi ziyaret etti\u011finizde taray\u0131c\u0131n\u0131z arac\u0131l\u0131\u011f\u0131yla cihaz\u0131n\u0131za kaydedilen k\u00fc\u00e7\u00fck metin dosyalar\u0131d\u0131r. \u00c7erezler, web sitesinin d\u00fczg\u00fcn \u00e7al\u0131\u015fmas\u0131n\u0131 sa\u011flamak, kullan\u0131c\u0131 deneyimini iyile\u015ftirmek ve site kullan\u0131m\u0131na ili\u015fkin istatistiksel bilgiler elde etmek amac\u0131yla kullan\u0131lmaktad\u0131r.<\/p>\n\n\n\n<p>\u2e3b<\/p>\n\n\n\n<p><strong>3. \u0130\u015flenen Ki\u015fisel Veriler<\/strong><\/p>\n\n\n\n<p>Web sitemizde kullan\u0131lan \u00e7erezler arac\u0131l\u0131\u011f\u0131yla a\u015fa\u011f\u0131daki ki\u015fisel veriler i\u015flenebilmektedir:<\/p>\n\n\n\n<p>Sayfa g\u00f6r\u00fcnt\u00fcleme ve etkile\u015fim bilgileri,<\/p>\n\n\n\n<p>IP adresi (k\u0131smen anonimle\u015ftirilmi\u015f \u015fekilde),<\/p>\n\n\n\n<p>Ziyaret ve kullan\u0131m bilgileri,<\/p>\n\n\n\n<p>Cihaz ve taray\u0131c\u0131 bilgileri.<\/p>\n\n\n\n<p>\u2e3b<\/p>\n\n\n\n<p><strong>4. Ki\u015fisel Verilerin \u0130\u015flenme Ama\u00e7lar\u0131<\/strong><\/p>\n\n\n\n<p>\u00c7erezler arac\u0131l\u0131\u011f\u0131yla elde edilen ki\u015fisel veriler a\u015fa\u011f\u0131daki ama\u00e7larla i\u015flenmektedir:<\/p>\n\n\n\n<p>Web sitesinin temel i\u015flevlerinin yerine getirilmesi,<\/p>\n\n\n\n<p>Kullan\u0131c\u0131 deneyiminin iyile\u015ftirilmesi,<\/p>\n\n\n\n<p>Web sitesinin performans\u0131n\u0131n ve kullan\u0131m\u0131n\u0131n analiz edilmesi,<\/p>\n\n\n\n<p>Reklam faaliyetlerinin y\u00fcr\u00fct\u00fclmesi ve \u00f6l\u00e7\u00fcmlenmesi,<\/p>\n\n\n\n<p>Bilgi g\u00fcvenli\u011fi s\u00fcre\u00e7lerinin y\u00fcr\u00fct\u00fclmesi,<\/p>\n\n\n\n<p>\u0130lgili mevzuattan do\u011fan y\u00fck\u00fcml\u00fcl\u00fcklerin yerine getirilmesi.<\/p>\n\n\n\n<p>\u2e3b<\/p>\n\n\n\t<p data-spectra-id=\"spectra-ml5r3gzs-6ribpu\"\t\tclass=\"wp-block-spectra-content\">\n\t\t<strong>5. Kullan\u0131lan \u00c7erez T\u00fcrleri<\/strong>\t<\/p>\n\n\n\t<p data-spectra-id=\"spectra-ml5r3tz2-77g6jd\"\t\tclass=\"wp-block-spectra-content\">\n\t\t<strong>Zorunlu \u00c7erezler<\/strong>\t<\/p>\n\n\n\n<p>Zorunlu \u00e7erezler, web sitesinin d\u00fczg\u00fcn \u00e7al\u0131\u015fabilmesi i\u00e7in gerekli olan \u00e7erezlerdir. G\u00fcvenlik, a\u011f y\u00f6netimi ve \u00e7erez tercihlerinizi hat\u0131rlama gibi ama\u00e7larla kullan\u0131l\u0131r. Bu \u00e7erezler i\u00e7in a\u00e7\u0131k r\u0131za aranmamaktad\u0131r.<\/p>\n\n\n\t<p data-spectra-id=\"spectra-ml5r4ilg-vmlhit\"\t\tclass=\"wp-block-spectra-content\">\n\t\t<strong>Analitik \u00c7erezler<\/strong>\t<\/p>\n\n\n\n<p>Analitik \u00e7erezler, web sitesinin kullan\u0131m\u0131n\u0131 analiz etmek ve performans\u0131n\u0131 \u00f6l\u00e7mek amac\u0131yla kullan\u0131lmaktad\u0131r. Bu \u00e7erezler sayesinde ziyaret\u00e7i say\u0131s\u0131, trafik kaynaklar\u0131 ve sayfa etkile\u015fimleri gibi anonim istatistiksel veriler elde edilir. Analitik \u00e7erezler yaln\u0131zca a\u00e7\u0131k r\u0131zan\u0131z do\u011frultusunda kullan\u0131lmaktad\u0131r.<\/p>\n\n\n\t<p data-spectra-id=\"spectra-ml5r4siu-jzq0bn\"\t\tclass=\"wp-block-spectra-content\">\n\t\t<strong>Fonksiyonel \u00c7erezler<\/strong>\t<\/p>\n\n\n\n<p>Fonksiyonel \u00e7erezler, web sitesinde sunulan baz\u0131 ek i\u015flevlerin (\u00f6rne\u011fin harita hizmetleri gibi) \u00e7al\u0131\u015fmas\u0131n\u0131 sa\u011flar. Bu \u00e7erezler de yaln\u0131zca a\u00e7\u0131k r\u0131zan\u0131z do\u011frultusunda kullan\u0131lmaktad\u0131r.<\/p>\n\n\n\t<p data-spectra-id=\"spectra-ml5r50mc-okt7zh\"\t\tclass=\"wp-block-spectra-content\">\n\t\t<strong>Reklam \/ Pazarlama \u00c7erezleri<\/strong>\t<\/p>\n\n\n\n<p>Web sitemizde, sundu\u011fumuz hizmetlerin tan\u0131t\u0131m\u0131n\u0131 yapmak ve reklam kampanyalar\u0131n\u0131n performans\u0131n\u0131 \u00f6l\u00e7mek amac\u0131yla reklam \u00e7erezleri kullan\u0131labilmektedir. Bu \u00e7erezler, reklamlar\u0131n g\u00f6r\u00fcnt\u00fclenme ve t\u0131klanma gibi temel performans bilgilerinin \u00f6l\u00e7\u00fclmesini sa\u011flar.<\/p>\n\n\n\n<p>Bu kapsamda <strong>Google Ads<\/strong> gibi \u00fc\u00e7\u00fcnc\u00fc taraf hizmet sa\u011flay\u0131c\u0131lardan faydalan\u0131labilir. Reklam \u00e7erezleri arac\u0131l\u0131\u011f\u0131yla elde edilen veriler, kullan\u0131c\u0131 profili olu\u015fturma veya ilgi alanlar\u0131na dayal\u0131 hedefleme amac\u0131yla kullan\u0131lmaz. Reklam \u00e7erezleri yaln\u0131zca a\u00e7\u0131k r\u0131zan\u0131z do\u011frultusunda kullan\u0131lmaktad\u0131r.<\/p>\n\n\n\n<p>\u2e3b<\/p>\n\n\n\t<p data-spectra-id=\"spectra-ml5r5bw5-j1pt34\"\t\tclass=\"wp-block-spectra-content\">\n\t\t<strong>6. Ki\u015fisel Verilerin Aktar\u0131lmas\u0131<\/strong>\t<\/p>\n\n\n\n<p>\u00c7erezler arac\u0131l\u0131\u011f\u0131yla elde edilen ki\u015fisel veriler, yaln\u0131zca yukar\u0131da belirtilen ama\u00e7larla s\u0131n\u0131rl\u0131 olmak \u00fczere, yurt i\u00e7inde veya yurt d\u0131\u015f\u0131nda bulunan \u00fc\u00e7\u00fcnc\u00fc taraf hizmet sa\u011flay\u0131c\u0131lara (\u00f6rne\u011fin <strong>Google LLC<\/strong>) KVKK ve ilgili mevzuata uygun olarak aktar\u0131labilmektedir.<\/p>\n\n\n\n<p>\u2e3b<\/p>\n\n\n\t<p data-spectra-id=\"spectra-ml5r5ixv-r3i710\"\t\tclass=\"wp-block-spectra-content\">\n\t\t<strong>7. Ki\u015fisel Verilerin Toplanma Y\u00f6ntemi ve Hukuki Sebebi<\/strong>\t<\/p>\n\n\n\n<p>Ki\u015fisel verileriniz:<\/p>\n\n\n\n<ul class=\"wp-block-list\">\n<li>Web sitemizi ziyaret etmeniz s\u0131ras\u0131nda,<\/li>\n\n\n\n<li>\u00c7erezler arac\u0131l\u0131\u011f\u0131yla,<\/li>\n\n\n\n<li>Otomatik y\u00f6ntemlerle toplanmaktad\u0131r.<\/li>\n<\/ul>\n\n\n\n<p>Hukuki sebepler:<\/p>\n\n\n\n<ul class=\"wp-block-list\">\n<li>Zorunlu \u00e7erezler i\u00e7in KVKK m.5\/2 kapsam\u0131nda veri sorumlusunun me\u015fru menfaati,<\/li>\n\n\n\n<li>Analitik, fonksiyonel ve reklam \u00e7erezleri i\u00e7in a\u00e7\u0131k r\u0131zan\u0131z.<\/li>\n<\/ul>\n\n\n\n<p>\u2e3b<\/p>\n\n\n\t<p data-spectra-id=\"spectra-ml5r5qgr-o9qv44\"\t\tclass=\"wp-block-spectra-content\">\n\t\t<strong>8. Saklama S\u00fcresi<\/strong>\t<\/p>\n\n\n\n<p>\u00c7erezler arac\u0131l\u0131\u011f\u0131yla elde edilen ki\u015fisel veriler, <strong>i\u015fleme ama\u00e7lar\u0131n\u0131n gerektirdi\u011fi s\u00fcre boyunca<\/strong> ve ilgili mevzuatta \u00f6ng\u00f6r\u00fclen azami s\u00fcreler dikkate al\u0131narak saklanmaktad\u0131r. Saklama s\u00fcresi, \u00e7erezin t\u00fcr\u00fcne g\u00f6re de\u011fi\u015fiklik g\u00f6sterebilir.<\/p>\n\n\n\n<p>\u2e3b<\/p>\n\n\n\t<p data-spectra-id=\"spectra-ml5r5ye8-hozmix\"\t\tclass=\"wp-block-spectra-content\">\n\t\t<strong>9. \u0130lgili Ki\u015finin Haklar\u0131<\/strong>\t<\/p>\n\n\n\n<p>KVKK\u2019n\u0131n 11. maddesi uyar\u0131nca ilgili ki\u015fi olarak;<\/p>\n\n\n\n<ul class=\"wp-block-list\">\n<li>Ki\u015fisel verilerinizin i\u015flenip i\u015flenmedi\u011fini \u00f6\u011frenme,<\/li>\n\n\n\n<li>\u0130\u015flenmi\u015fse buna ili\u015fkin bilgi talep etme,<\/li>\n\n\n\n<li>\u0130\u015flenme amac\u0131n\u0131 ve amaca uygun kullan\u0131l\u0131p kullan\u0131lmad\u0131\u011f\u0131n\u0131 \u00f6\u011frenme,<\/li>\n\n\n\n<li>Yurt i\u00e7inde veya yurt d\u0131\u015f\u0131nda aktar\u0131ld\u0131\u011f\u0131 \u00fc\u00e7\u00fcnc\u00fc ki\u015fileri bilme,<\/li>\n\n\n\n<li>Eksik veya yanl\u0131\u015f i\u015flenmi\u015fse d\u00fczeltilmesini isteme,<\/li>\n\n\n\n<li>Kanunda \u00f6ng\u00f6r\u00fclen \u015fartlar \u00e7er\u00e7evesinde silinmesini veya yok edilmesini isteme,<\/li>\n\n\n\n<li>\u0130\u015flemenin yaln\u0131zca otomatik sistemler ile analiz edilmesi sonucu aleyhinize bir sonucun ortaya \u00e7\u0131kmas\u0131na itiraz etme,<\/li>\n\n\n\n<li>Kanuna ayk\u0131r\u0131 i\u015flenme sebebiyle zarara u\u011framan\u0131z h\u00e2linde zarar\u0131n giderilmesini talep etme<br>haklar\u0131na sahipsiniz.<\/li>\n<\/ul>\n\n\n\n<p>Bu haklar\u0131n\u0131za ili\u015fkin taleplerinizi <strong>Privacy Policy<\/strong> sayfam\u0131zda belirtilen y\u00f6ntemlerle taraf\u0131m\u0131za iletebilirsiniz.<\/p>\n\n\n\n<p>\u2e3b<\/p>\n\n\n\t<p data-spectra-id=\"spectra-ml5r6ddv-gaoo54\"\t\tclass=\"wp-block-spectra-content\">\n\t\t<strong>10. \u00c7erez Tercihlerinin Y\u00f6netilmesi<\/strong>\t<\/p>\n\n\n\n<p>Zorunlu \u00e7erezler haricindeki \u00e7erezler, yaln\u0131zca a\u00e7\u0131k r\u0131zan\u0131z do\u011frultusunda kullan\u0131lmaktad\u0131r. \u00c7erez tercihlerinizi diledi\u011finiz zaman taray\u0131c\u0131n\u0131z\u0131n ayarlar\u0131 \u00fczerinden de\u011fi\u015ftirebilirsiniz.<\/p>\n\n\n\n<p>\u2e3b<\/p>\n\n\n\n<p><strong>11. \u0130leti\u015fim<\/strong><\/p>\n\n\n\n<p>KVKK kapsam\u0131ndaki taleplerinizi,<\/p>\n\n\n\n<p><strong>contact@navfrot.com<\/strong> adresi \u00fczerinden Veri Sorumlusuna iletebilirsiniz.<\/p>","protected":false},"excerpt":{"rendered":"<p>\u00c7EREZ POL\u0130T\u0130KASI VE AYDINLATMA METN\u0130 Bu \u00c7erez Ayd\u0131nlatma Metni, 6698 say\u0131l\u0131 Ki\u015fisel Verilerin Korunmas\u0131 Kanunu\u2019nun (\u201cKVKK\u201d) 10. maddesi uyar\u0131nca, veri [&hellip;]<\/p>","protected":false},"author":1,"featured_media":0,"parent":0,"menu_order":0,"comment_status":"closed","ping_status":"closed","template":"","meta":{"_uag_custom_page_level_css":"","site-sidebar-layout":"default","site-content-layout":"","ast-site-content-layout":"default","site-content-style":"default","site-sidebar-style":"default","ast-global-header-display":"","ast-banner-title-visibility":"","ast-main-header-display":"","ast-hfb-above-header-display":"","ast-hfb-below-header-display":"","ast-hfb-mobile-header-display":"","site-post-title":"disabled","ast-breadcrumbs-content":"","ast-featured-img":"","footer-sml-layout":"","ast-disable-related-posts":"","theme-transparent-header-meta":"","adv-header-id-meta":"","stick-header-meta":"","header-above-stick-meta":"","header-main-stick-meta":"","header-below-stick-meta":"","astra-migrate-meta-layouts":"set","ast-page-background-enabled":"default","ast-page-background-meta":{"desktop":{"background-color":"","background-image":"","background-repeat":"repeat","background-position":"center center","background-size":"auto","background-attachment":"scroll","background-type":"","background-media":"","overlay-type":"","overlay-color":"","overlay-opacity":"","overlay-gradient":""},"tablet":{"background-color":"","background-image":"","background-repeat":"repeat","background-position":"center center","background-size":"auto","background-attachment":"scroll","background-type":"","background-media":"","overlay-type":"","overlay-color":"","overlay-opacity":"","overlay-gradient":""},"mobile":{"background-color":"","background-image":"","background-repeat":"repeat","background-position":"center center","background-size":"auto","background-attachment":"scroll","background-type":"","background-media":"","overlay-type":"","overlay-color":"","overlay-opacity":"","overlay-gradient":""}},"ast-content-background-meta":{"desktop":{"background-color":"var(--ast-global-color-5)","background-image":"","background-repeat":"repeat","background-position":"center center","background-size":"auto","background-attachment":"scroll","background-type":"","background-media":"","overlay-type":"","overlay-color":"","overlay-opacity":"","overlay-gradient":""},"tablet":{"background-color":"var(--ast-global-color-5)","background-image":"","background-repeat":"repeat","background-position":"center center","background-size":"auto","background-attachment":"scroll","background-type":"","background-media":"","overlay-type":"","overlay-color":"","overlay-opacity":"","overlay-gradient":""},"mobile":{"background-color":"var(--ast-global-color-5)","background-image":"","background-repeat":"repeat","background-position":"center center","background-size":"auto","background-attachment":"scroll","background-type":"","background-media":"","overlay-type":"","overlay-color":"","overlay-opacity":"","overlay-gradient":""}},"footnotes":""},"class_list":["post-3324","page","type-page","status-publish","hentry"],"aioseo_notices":[],"_hostinger_reach_plugin_has_subscription_block":false,"_hostinger_reach_plugin_is_elementor":false,"uagb_featured_image_src":{"full":false,"thumbnail":false,"medium":false,"medium_large":false,"large":false,"1536x1536":false,"2048x2048":false,"trp-custom-language-flag":false},"uagb_author_info":{"display_name":"Navfrot","author_link":"https:\/\/navfrot.com\/en\/author\/navfrotgmail-com\/"},"uagb_comment_info":0,"uagb_excerpt":"\u00c7EREZ POL\u0130T\u0130KASI VE AYDINLATMA METN\u0130 Bu \u00c7erez Ayd\u0131nlatma Metni, 6698 say\u0131l\u0131 Ki\u015fisel Verilerin Korunmas\u0131 Kanunu\u2019nun (\u201cKVKK\u201d) 10. maddesi uyar\u0131nca, veri [&hellip;]","_links":{"self":[{"href":"https:\/\/navfrot.com\/en\/wp-json\/wp\/v2\/pages\/3324","targetHints":{"allow":["GET"]}}],"collection":[{"href":"https:\/\/navfrot.com\/en\/wp-json\/wp\/v2\/pages"}],"about":[{"href":"https:\/\/navfrot.com\/en\/wp-json\/wp\/v2\/types\/page"}],"author":[{"embeddable":true,"href":"https:\/\/navfrot.com\/en\/wp-json\/wp\/v2\/users\/1"}],"replies":[{"embeddable":true,"href":"https:\/\/navfrot.com\/en\/wp-json\/wp\/v2\/comments?post=3324"}],"version-history":[{"count":4,"href":"https:\/\/navfrot.com\/en\/wp-json\/wp\/v2\/pages\/3324\/revisions"}],"predecessor-version":[{"id":3437,"href":"https:\/\/navfrot.com\/en\/wp-json\/wp\/v2\/pages\/3324\/revisions\/3437"}],"wp:attachment":[{"href":"https:\/\/navfrot.com\/en\/wp-json\/wp\/v2\/media?parent=3324"}],"curies":[{"name":"wp","href":"https:\/\/api.w.org\/{rel}","templated":true}]}}